{"id":1490,"date":"2024-10-17T15:37:05","date_gmt":"2024-10-17T12:37:05","guid":{"rendered":"https:\/\/www.interlux.lt\/?page_id=1490"},"modified":"2025-04-28T15:11:02","modified_gmt":"2025-04-28T12:11:02","slug":"contacts","status":"publish","type":"page","link":"https:\/\/interlux-ee.cpdev.dev\/en\/contacts\/","title":{"rendered":"Contacts"},"content":{"rendered":"<h3>Office<\/h3>\n<p>Avie\u010di\u0173 g. 16, LT 08418 Vilnius<br \/>\nE-mail: <a href=\"mailto:spirit@interlux.lt\">spirit@interlux.lt<\/a><\/p>\n<p>&nbsp;<\/p>\n<h3>Warehouse<\/h3>\n<p>M. Sle\u017eevi\u010diaus g. 11,<br \/>\nVilnius 06326, Lietuva<\/p>\n<p>&nbsp;<\/p>\n<h3>Telephones<\/h3>\n<div class=\"table-responsive\"><table class=\"table\">\n<tbody>\n<tr>\n<td>Administration<\/td>\n<td><a href=\"tel:+37052786850\">+370 5 278 6850<\/a><\/td>\n<\/tr>\n<tr>\n<td>Maintenance<\/td>\n<td><a href=\"tel:+37080000212\">+370 800 00 212<\/a><\/td>\n<\/tr>\n<tr>\n<td>Accounting<\/td>\n<td><a href=\"tel:+37052786851\">+370 5 278 6851<\/a><\/td>\n<\/tr>\n<tr>\n<td>Orders<\/td>\n<td><a href=\"tel:+37052786853\">+370 5 278 6853<\/a><\/td>\n<\/tr>\n<\/tbody>\n<\/table><\/div>\n","protected":false},"excerpt":{"rendered":"<p>Office Avie\u010di\u0173 g. 16, LT 08418 Vilnius E-mail: spirit@interlux.lt &nbsp; Warehouse M. Sle\u017eevi\u010diaus g. 11, Vilnius 06326, Lietuva &nbsp; Telephones Administration +370 5 278 6850 Maintenance +370 800 00 212 Accounting +370 5 278 6851 Orders +370 5 278 6853<\/p>\n","protected":false},"author":4,"featured_media":0,"parent":0,"menu_order":0,"comment_status":"closed","ping_status":"closed","template":"page-templates\/contact.php","meta":{"_acf_changed":false,"_uag_custom_page_level_css":"","footnotes":""},"class_list":["post-1490","page","type-page","status-publish","hentry"],"acf":[],"yoast_head":"<!-- This site is optimized with the Yoast SEO plugin v25.5 - https:\/\/yoast.com\/wordpress\/plugins\/seo\/ -->\n<title>Contacts - Interlux<\/title>\n<meta name=\"robots\" content=\"noindex, follow, max-snippet:-1, max-image-preview:large, max-video-preview:-1\" \/>\n<meta property=\"og:locale\" content=\"en_US\" \/>\n<meta property=\"og:type\" content=\"article\" \/>\n<meta property=\"og:title\" content=\"Contacts - Interlux\" \/>\n<meta property=\"og:description\" content=\"Office Avie\u010di\u0173 g. 16, LT 08418 Vilnius E-mail: spirit@interlux.lt &nbsp; Warehouse M. Sle\u017eevi\u010diaus g. 11, Vilnius 06326, Lietuva &nbsp; Telephones Administration +370 5 278 6850 Maintenance +370 800 00 212 Accounting +370 5 278 6851 Orders +370 5 278 6853\" \/>\n<meta property=\"og:url\" content=\"https:\/\/interlux-ee.cpdev.dev\/en\/contacts\/\" \/>\n<meta property=\"og:site_name\" content=\"Interlux\" \/>\n<meta property=\"article:modified_time\" content=\"2025-04-28T12:11:02+00:00\" \/>\n<meta name=\"twitter:card\" content=\"summary_large_image\" \/>\n<meta name=\"twitter:label1\" content=\"Est. reading time\" \/>\n\t<meta name=\"twitter:data1\" content=\"1 minute\" \/>\n<script type=\"application\/ld+json\" class=\"yoast-schema-graph\">{\"@context\":\"https:\/\/schema.org\",\"@graph\":[{\"@type\":\"WebPage\",\"@id\":\"https:\/\/interlux-ee.cpdev.dev\/en\/contacts\/\",\"url\":\"https:\/\/interlux-ee.cpdev.dev\/en\/contacts\/\",\"name\":\"Contacts - Interlux\",\"isPartOf\":{\"@id\":\"https:\/\/interlux-ee.cpdev.dev\/en\/#website\"},\"datePublished\":\"2024-10-17T12:37:05+00:00\",\"dateModified\":\"2025-04-28T12:11:02+00:00\",\"breadcrumb\":{\"@id\":\"https:\/\/interlux-ee.cpdev.dev\/en\/contacts\/#breadcrumb\"},\"inLanguage\":\"en-US\",\"potentialAction\":[{\"@type\":\"ReadAction\",\"target\":[\"https:\/\/interlux-ee.cpdev.dev\/en\/contacts\/\"]}]},{\"@type\":\"BreadcrumbList\",\"@id\":\"https:\/\/interlux-ee.cpdev.dev\/en\/contacts\/#breadcrumb\",\"itemListElement\":[{\"@type\":\"ListItem\",\"position\":1,\"name\":\"Homepage\",\"item\":\"https:\/\/interlux-ee.cpdev.dev\/en\/main-page\/\"},{\"@type\":\"ListItem\",\"position\":2,\"name\":\"Contacts\"}]},{\"@type\":\"WebSite\",\"@id\":\"https:\/\/interlux-ee.cpdev.dev\/en\/#website\",\"url\":\"https:\/\/interlux-ee.cpdev.dev\/en\/\",\"name\":\"Interlux\",\"description\":\"Inovatyvios technologijos bei sprendimai medicinai, mokslui ir biotechnologij\u0173 pramonei\",\"potentialAction\":[{\"@type\":\"SearchAction\",\"target\":{\"@type\":\"EntryPoint\",\"urlTemplate\":\"https:\/\/interlux-ee.cpdev.dev\/en\/?s={search_term_string}\"},\"query-input\":{\"@type\":\"PropertyValueSpecification\",\"valueRequired\":true,\"valueName\":\"search_term_string\"}}],\"inLanguage\":\"en-US\"}]}<\/script>\n<!-- \/ Yoast SEO plugin. -->","yoast_head_json":{"title":"Contacts - Interlux","robots":{"index":"noindex","follow":"follow","max-snippet":"max-snippet:-1","max-image-preview":"max-image-preview:large","max-video-preview":"max-video-preview:-1"},"og_locale":"en_US","og_type":"article","og_title":"Contacts - Interlux","og_description":"Office Avie\u010di\u0173 g. 16, LT 08418 Vilnius E-mail: spirit@interlux.lt &nbsp; Warehouse M. Sle\u017eevi\u010diaus g. 11, Vilnius 06326, Lietuva &nbsp; Telephones Administration +370 5 278 6850 Maintenance +370 800 00 212 Accounting +370 5 278 6851 Orders +370 5 278 6853","og_url":"https:\/\/interlux-ee.cpdev.dev\/en\/contacts\/","og_site_name":"Interlux","article_modified_time":"2025-04-28T12:11:02+00:00","twitter_card":"summary_large_image","twitter_misc":{"Est. reading time":"1 minute"},"schema":{"@context":"https:\/\/schema.org","@graph":[{"@type":"WebPage","@id":"https:\/\/interlux-ee.cpdev.dev\/en\/contacts\/","url":"https:\/\/interlux-ee.cpdev.dev\/en\/contacts\/","name":"Contacts - Interlux","isPartOf":{"@id":"https:\/\/interlux-ee.cpdev.dev\/en\/#website"},"datePublished":"2024-10-17T12:37:05+00:00","dateModified":"2025-04-28T12:11:02+00:00","breadcrumb":{"@id":"https:\/\/interlux-ee.cpdev.dev\/en\/contacts\/#breadcrumb"},"inLanguage":"en-US","potentialAction":[{"@type":"ReadAction","target":["https:\/\/interlux-ee.cpdev.dev\/en\/contacts\/"]}]},{"@type":"BreadcrumbList","@id":"https:\/\/interlux-ee.cpdev.dev\/en\/contacts\/#breadcrumb","itemListElement":[{"@type":"ListItem","position":1,"name":"Homepage","item":"https:\/\/interlux-ee.cpdev.dev\/en\/main-page\/"},{"@type":"ListItem","position":2,"name":"Contacts"}]},{"@type":"WebSite","@id":"https:\/\/interlux-ee.cpdev.dev\/en\/#website","url":"https:\/\/interlux-ee.cpdev.dev\/en\/","name":"Interlux","description":"Inovatyvios technologijos bei sprendimai medicinai, mokslui ir biotechnologij\u0173 pramonei","potentialAction":[{"@type":"SearchAction","target":{"@type":"EntryPoint","urlTemplate":"https:\/\/interlux-ee.cpdev.dev\/en\/?s={search_term_string}"},"query-input":{"@type":"PropertyValueSpecification","valueRequired":true,"valueName":"search_term_string"}}],"inLanguage":"en-US"}]}},"uagb_featured_image_src":{"full":false,"thumbnail":false,"medium":false,"medium_large":false,"large":false,"1536x1536":false,"2048x2048":false,"square":false,"page-huge":false,"banner-large":false,"mobile-banner":false,"mobile-banner-md":false,"gallery-large":false,"blog-medium":false,"blog-small":false,"page-header":false},"uagb_author_info":{"display_name":"Edita","author_link":"https:\/\/interlux-ee.cpdev.dev\/en\/naujienos\/author\/edita-intrelux\/"},"uagb_comment_info":0,"uagb_excerpt":"Office Avie\u010di\u0173 g. 16, LT 08418 Vilnius E-mail: spirit@interlux.lt &nbsp; Warehouse M. Sle\u017eevi\u010diaus g. 11, Vilnius 06326, Lietuva &nbsp; Telephones Administration +370 5 278 6850 Maintenance +370 800 00 212 Accounting +370 5 278 6851 Orders +370 5 278 6853","_links":{"self":[{"href":"https:\/\/interlux-ee.cpdev.dev\/en\/wp-json\/wp\/v2\/pages\/1490","targetHints":{"allow":["GET"]}}],"collection":[{"href":"https:\/\/interlux-ee.cpdev.dev\/en\/wp-json\/wp\/v2\/pages"}],"about":[{"href":"https:\/\/interlux-ee.cpdev.dev\/en\/wp-json\/wp\/v2\/types\/page"}],"author":[{"embeddable":true,"href":"https:\/\/interlux-ee.cpdev.dev\/en\/wp-json\/wp\/v2\/users\/4"}],"replies":[{"embeddable":true,"href":"https:\/\/interlux-ee.cpdev.dev\/en\/wp-json\/wp\/v2\/comments?post=1490"}],"version-history":[{"count":5,"href":"https:\/\/interlux-ee.cpdev.dev\/en\/wp-json\/wp\/v2\/pages\/1490\/revisions"}],"predecessor-version":[{"id":1634,"href":"https:\/\/interlux-ee.cpdev.dev\/en\/wp-json\/wp\/v2\/pages\/1490\/revisions\/1634"}],"wp:attachment":[{"href":"https:\/\/interlux-ee.cpdev.dev\/en\/wp-json\/wp\/v2\/media?parent=1490"}],"curies":[{"name":"wp","href":"https:\/\/api.w.org\/{rel}","templated":true}]}}